{"id":4778,"date":"2023-06-19T13:52:26","date_gmt":"2023-06-19T11:52:26","guid":{"rendered":"https:\/\/test.fs-tickets.at\/?page_id=4778"},"modified":"2026-02-06T01:22:44","modified_gmt":"2026-02-06T00:22:44","slug":"imprint","status":"publish","type":"page","link":"https:\/\/test.fs-tickets.at\/en\/imprint\/","title":{"rendered":"Imprint"},"content":{"rendered":"<p>[et_pb_section fb_built=&#8220;1&#8243; _builder_version=&#8220;4.21.0&#8243; _module_preset=&#8220;default&#8220; global_colors_info=&#8220;{}&#8220;][et_pb_row _builder_version=&#8220;4.21.0&#8243; _module_preset=&#8220;default&#8220; width=&#8220;75%&#8220; global_colors_info=&#8220;{}&#8220;][et_pb_column type=&#8220;4_4&#8243; _builder_version=&#8220;4.21.0&#8243; _module_preset=&#8220;default&#8220; global_colors_info=&#8220;{}&#8220;][et_pb_text _builder_version=&#8220;4.21.0&#8243; _module_preset=&#8220;default&#8220; global_colors_info=&#8220;{}&#8220;]<\/p>\n<h1 style=\"text-align: left;\"><strong>Impressum<\/strong><\/h1>\n<p>[\/et_pb_text][\/et_pb_column][\/et_pb_row][et_pb_row _builder_version=&#8220;4.21.0&#8243; _module_preset=&#8220;default&#8220; width=&#8220;75%&#8220; global_colors_info=&#8220;{}&#8220;][et_pb_column type=&#8220;4_4&#8243; _builder_version=&#8220;4.21.0&#8243; _module_preset=&#8220;default&#8220; global_colors_info=&#8220;{}&#8220;][et_pb_text _builder_version=&#8220;4.23.1&#8243; _module_preset=&#8220;default&#8220; text_font=&#8220;Roboto|300|||||||&#8220; global_colors_info=&#8220;{}&#8220;]<\/p>\n<p style=\"text-align: left;\"><strong>FanSafe GmbH<\/strong><br \/>Blumauergasse 6\/1\/12<br \/>1020 Wien<br \/>\u00d6sterreich<\/p>\n<p style=\"text-align: left;\"><a href=\"mailto:office@fansafe.at\" rel=\"noopener\">office@fansafe.at<\/a><br \/><a href=\"https:\/\/fansafe.at\/de\/\">https:\/\/www.fansafe.at\/de\/<\/a><\/p>\n<p style=\"text-align: left;\"><strong>Bitte beachte Sie!<br \/><\/strong>Bitte beachten Sie, dass FanSafe keine Telefon-Hotline anbietet. Falls Telefonnummern auf unseren Plattformen aufscheinen, dienen diese nur der Informationspflicht und stehen nicht in Verbindung zu unserem Kundenservice. F\u00fcr Supportanfragen zu unseren Plattformen verwenden Sie bitte die E-Mail-Adresse<span>\u00a0<\/span><a href=\"mailto:support@fansafe.at\">support@fansafe.at<\/a>.<\/p>\n<p style=\"text-align: left;\"><b>Gerichtsstand:<\/b><span>\u00a0Handelsgericht Wien<\/span><span><br \/><\/span><b>Handelsregisternummer:<\/b><span>\u00a0FN549129v<\/span><span><br \/><\/span><b>UID:<\/b><span>\u00a0ATU76503829<\/span><\/p>\n<p style=\"text-align: left;\"><a href=\"https:\/\/test.fs-tickets.at\/privacy-policy\"><span>Datenschutzerkl\u00e4rung<\/span><\/a><span><br \/><\/span><a href=\"https:\/\/test.fs-tickets.at\/terms-of-service\"><span>Allgemeine Gesch\u00e4ftsbedingungen<\/span><\/a><\/p>\n<p class=\" translation-block\" style=\"text-align: left;\"><strong><b>Plattform der EU-Kommission zur Online-Streitbeilegung<\/b><br \/><\/strong><span>Die Europ\u00e4ische Kommission bietet eine Plattform f\u00fcr die Online-Streitbeilegung. Diese und andere Informationen zur L\u00f6sung von Verbraucherbeschwerden finden Sie hier\u00a0<a href=\"https:\/\/ec.europa.eu\/info\/live-work-travel-eu\/consumers\/resolve-your-consumer-complaint_de\" target=\"_self\" rel=\"noopener\">hier<\/a>. Die FanSafe GmbH ist nicht bereit oder verpflichtet, an Streitbeilegungsverfahren vor einem Verbraucherschiedsgericht teilzunehmen.<\/span><\/p>\n<p class=\" translation-block\" style=\"text-align: left;\"><strong>Hilfe<br \/><\/strong>In unserem<span>\u00a0<\/span><a href=\"https:\/\/test.fs-tickets.at\/how-it-works\/#faq\" target=\"_self\" rel=\"noopener\">FAQ Bereich<\/a><span>\u00a0<\/span>finden sie die meisten Antworten auf Ihre Fragen. Wenn Ihre Fragen nicht mit den FAQs beantwortet werden k\u00f6nnen oder wenn Sie Probleme bei der Benutzung unserer Software haben, kontaktieren Sie uns bitte unter<span>\u00a0<\/span><a href=\"mailto:support@fansafe.at\" target=\"_self\" rel=\"noopener\">support@fansafe.at<\/a>.<\/p>\n<p style=\"text-align: left;\"><strong><b>Haben Sie Spam- oder Phishing-Mails von unserer Adresse erhalten oder haben Sie andere verletzende Inhalte auf unserer Website oder Plattform gefunden?<br \/><\/b><\/strong>Bitte senden Sie uns eine E-Mail an <a href=\"mailto:%20office@fansafe.at\">office@fansafe.at<\/a><span>\u00a0<\/span>um Spam, Phishing oder Rechtsverst\u00f6\u00dfe zu melden.<\/p>\n<p style=\"text-align: left;\"><strong>Partnerschaften<br \/><\/strong><span>F\u00fcr mehr Informationen besuchen Sie unsere\u00a0<a href=\"https:\/\/www.fansafe.at\/de\/\">Webseite.<\/a>\u00a0Als Partner kontaktieren Sie uns bitte unter\u00a0<a href=\"mailto:office@fansafe.at\">office@fansafe.at<\/a>.<\/span><\/p>\n<p style=\"text-align: left;\"><strong>Presse<br \/><\/strong><span>Presseanfragen akzeptieren wir ausschlie\u00dflich via Email an\u00a0<a href=\"mailto:office@fansafe.at\">office@fansafe.at<\/a>.<\/span><\/p>\n<blockquote><\/blockquote>\n<p>[\/et_pb_text][\/et_pb_column][\/et_pb_row][\/et_pb_section]<\/p>\n","protected":false},"excerpt":{"rendered":"<p>ImpressumFanSafe GmbHBlumauergasse 6\/1\/121020 Wien\u00d6sterreich office@fansafe.athttps:\/\/www.fansafe.at\/de\/ Bitte beachte Sie!Bitte beachten Sie, dass FanSafe keine Telefon-Hotline anbietet. Falls Telefonnummern auf unseren Plattformen aufscheinen, dienen diese nur der Informationspflicht und stehen nicht in [&hellip;]<\/p>\n","protected":false},"author":1,"featured_media":0,"parent":0,"menu_order":101,"comment_status":"closed","ping_status":"closed","template":"","meta":{"_acf_changed":false,"_et_pb_use_builder":"on","_et_pb_old_content":"","_et_gb_content_width":"","_price":"","_stock":"","_tribe_ticket_header":"","_tribe_default_ticket_provider":"Tribe__Tickets_Plus__Commerce__WooCommerce__Main","_tribe_ticket_capacity":"0","_ticket_start_date":"","_ticket_end_date":"","_tribe_ticket_show_description":"","_tribe_ticket_show_not_going":false,"_tribe_ticket_use_global_stock":"","_tribe_ticket_global_stock_level":"","_global_stock_mode":"","_global_stock_cap":"","_tribe_rsvp_for_event":"","_tribe_ticket_going_count":"","_tribe_ticket_not_going_count":"","_tribe_tickets_list":"[]","_tribe_ticket_has_attendee_info_fields":false,"footnotes":""},"class_list":["post-4778","page","type-page","status-publish","hentry"],"acf":[],"jetpack_sharing_enabled":true,"ticketed":false,"_links":{"self":[{"href":"https:\/\/test.fs-tickets.at\/en\/wp-json\/wp\/v2\/pages\/4778","targetHints":{"allow":["GET"]}}],"collection":[{"href":"https:\/\/test.fs-tickets.at\/en\/wp-json\/wp\/v2\/pages"}],"about":[{"href":"https:\/\/test.fs-tickets.at\/en\/wp-json\/wp\/v2\/types\/page"}],"author":[{"embeddable":true,"href":"https:\/\/test.fs-tickets.at\/en\/wp-json\/wp\/v2\/users\/1"}],"replies":[{"embeddable":true,"href":"https:\/\/test.fs-tickets.at\/en\/wp-json\/wp\/v2\/comments?post=4778"}],"version-history":[{"count":7,"href":"https:\/\/test.fs-tickets.at\/en\/wp-json\/wp\/v2\/pages\/4778\/revisions"}],"predecessor-version":[{"id":252068,"href":"https:\/\/test.fs-tickets.at\/en\/wp-json\/wp\/v2\/pages\/4778\/revisions\/252068"}],"wp:attachment":[{"href":"https:\/\/test.fs-tickets.at\/en\/wp-json\/wp\/v2\/media?parent=4778"}],"curies":[{"name":"wp","href":"https:\/\/api.w.org\/{rel}","templated":true}]}}