{"id":4814,"date":"2023-06-19T17:19:26","date_gmt":"2023-06-19T15:19:26","guid":{"rendered":"https:\/\/test.fs-tickets.at\/?page_id=4814"},"modified":"2024-01-08T16:17:47","modified_gmt":"2024-01-08T15:17:47","slug":"disclaimer","status":"publish","type":"page","link":"https:\/\/test.fs-tickets.at\/en\/disclaimer\/","title":{"rendered":"Disclaimer"},"content":{"rendered":"<p>[et_pb_section fb_built=&#8220;1&#8243; _builder_version=&#8220;4.21.0&#8243; _module_preset=&#8220;default&#8220; global_colors_info=&#8220;{}&#8220;][et_pb_row _builder_version=&#8220;4.21.0&#8243; _module_preset=&#8220;default&#8220; width=&#8220;75%&#8220; global_colors_info=&#8220;{}&#8220;][et_pb_column type=&#8220;4_4&#8243; _builder_version=&#8220;4.21.0&#8243; _module_preset=&#8220;default&#8220; global_colors_info=&#8220;{}&#8220;][et_pb_text _builder_version=&#8220;4.21.0&#8243; _module_preset=&#8220;default&#8220; global_colors_info=&#8220;{}&#8220;]<\/p>\n<h1 style=\"text-align: left;\"><strong>Haftungsauschlu\u00df<\/strong><\/h1>\n<p>[\/et_pb_text][\/et_pb_column][\/et_pb_row][et_pb_row _builder_version=&#8220;4.21.0&#8243; _module_preset=&#8220;default&#8220; width=&#8220;75%&#8220; global_colors_info=&#8220;{}&#8220;][et_pb_column type=&#8220;4_4&#8243; _builder_version=&#8220;4.21.0&#8243; _module_preset=&#8220;default&#8220; global_colors_info=&#8220;{}&#8220;][et_pb_text _builder_version=&#8220;4.23.1&#8243; _module_preset=&#8220;default&#8220; text_font=&#8220;Roboto|300|||||||&#8220; hover_enabled=&#8220;0&#8243; global_colors_info=&#8220;{}&#8220; sticky_enabled=&#8220;0&#8243;]<\/p>\n<p class=\" translation-block\" style=\"text-align: left;\"><span><b>EU-Streitschlichtung<br \/><\/b><\/span><span>Gem\u00e4\u00df Verordnung \u00fcber Online-Streitbeilegung in Verbraucherangelegenheiten (ODR-Verordnung) m\u00f6chten wir Sie \u00fcber die Online-Streitbeilegungssplattform (OS-Plattform) informieren. Verbraucher haben die M\u00f6glichkeit, Beschwerden an die\u00a0<\/span><a href=\"http:\/\/ec.europa.eu\/odr?tid=121606955\" target=\"_blank\" rel=\"noopener\"><span>Online Streitbeilegungssplattform der Europ\u00e4ischen Kommission<\/span><\/a><span>\u00a0zu richten. Die daf\u00fcr notwendigen Kontaktdaten finden Sie in unserem Impressum. Wir m\u00f6chten Sie jedoch darauf hinweisen, dass wir nicht bereit oder verpflichtet sind, an Streitbeilegungsverfahren vor einer Verbraucherschlichtungsstelle teilzunehmen.<\/span><\/p>\n<p style=\"text-align: left;\"><span><b>Haftung f\u00fcr Inhalte dieser Webseite<br \/><\/b><\/span>Wir entwickeln die Inhalte dieser Webseite st\u00e4ndig weiter und bem\u00fchen uns korrekte und aktuelle Informationen bereitzustellen. Leider k\u00f6nnen wir keine Haftung f\u00fcr die Korrektheit aller Inhalte auf dieser Webseite \u00fcbernehmen, speziell f\u00fcr jene die seitens Dritter bereitgestellt wurden. Sollten Ihnen problematische oder rechtswidrige Inhalte auffallen, bitten wir Sie uns umgehend zu kontaktieren, Sie finden die Kontaktdaten im Impressum.<\/p>\n<p style=\"text-align: left;\"><span><b>Haftung f\u00fcr Links auf dieser Webseite<br \/><\/b><\/span><span>Unsere Webseite enth\u00e4lt Links zu anderen Webseiten f\u00fcr deren Inhalt wir nicht verantwortlich sind. Haftung f\u00fcr verlinkte Websites besteht laut\u00a0<\/span><a href=\"https:\/\/www.ris.bka.gv.at\/Dokument.wxe?Abfrage=Bundesnormen&amp;Dokumentnummer=NOR40025813&amp;tid=121606955\" target=\"_blank\" rel=\"noopener\"><span>\u00a7 17 ECG<\/span><\/a><span>\u00a0f\u00fcr uns nicht, da wir keine Kenntnis rechtswidriger T\u00e4tigkeiten hatten und haben, uns solche Rechtswidrigkeiten auch bisher nicht aufgefallen sind und wir Links sofort entfernen w\u00fcrden, wenn uns Rechtswidrigkeiten bekannt werden.\u00a0<\/span>Wenn Ihnen rechtswidrige Links auf unserer Website auffallen, bitten wir Sie uns zu kontaktieren, Sie finden die Kontaktdaten im Impressum.<\/p>\n<p style=\"text-align: left;\"><span><b>Urheberrechtshinweis<br \/><\/b><\/span><span>Alle von FanSafe publizierten Inhalte dieser Webseite (Bilder, Fotos, Texte, Videos) unterliegen dem Urheberrecht. Falls notwendig, werden wir die unerlaubte Nutzung von Teilen der Inhalte unserer Seite rechtlich verfolgen. <\/span><span>Sollten Sie auf dieser Webseite Inhalte finden, die das Urheberrecht verletzen, bitten wir Sie uns zu kontaktieren.<\/span><\/p>\n<p style=\"text-align: left;\"><span>FanSafe GmbH \u00fcbernimmt keine Haftung f\u00fcr Veranstaltungsbilder und Ticketbilder, die von Dritten hochgeladen und auf der Seite FanSafeTix publiziert werden. F\u00fcr s\u00e4mtliche Event-Inhalte inklusive Fotos haftet der jeweilige Veranstalter. Mit dem Akzeptieren der allgemeinen Gsch\u00e4ftsbedingungen best\u00e4tigt der Veranstalter, dass er \u00fcber die Rechte seiner publizierten Texte und Bilder verf\u00fcgt. FanSafe beh\u00e4lt sich das Recht vor, Bilder ohne vorheriger Ank\u00fcndigung von der Webseite zu entfernen oder bzw. erst gar nicht zu publizieren, oder mit einem Platzhalter Bild zu ersetzen auch dann wenn nur der Verdacht besteht, dass der Veranstalter nicht im Besitz der Rechte \u00fcber diese Inhalte ist.<\/span><span><\/span><\/p>\n<p style=\"text-align: left;\"><span><b>Bildnachweis<br \/><\/b><\/span>Die Bilder, Fotos und Grafiken auf dieser Webseite sind urheberrechtlich gesch\u00fctzt.<br \/>Die Bildrechte liegen bei den folgenden Fotografen und Unternehmen:<\/p>\n<ul style=\"text-align: left;\">\n<li aria-level=\"1\"><span>FanSafe produktbezogene Bilder und Logos<\/span>\n<ul>\n<li aria-level=\"2\"><span>Copyright @Fansafe GmbH<\/span><\/li>\n<\/ul>\n<\/li>\n<li><span>Andere Bilder und Logos<\/span>\n<ul style=\"text-align: left;\">\n<li><span>Siehe <a href=\"https:\/\/test.fs-tickets.at\/credits\">Credits<\/a><\/span><\/li>\n<li>oder Referez am Bild<\/li>\n<\/ul>\n<\/li>\n<\/ul>\n<p>[\/et_pb_text][\/et_pb_column][\/et_pb_row][\/et_pb_section]<\/p>\n","protected":false},"excerpt":{"rendered":"<p>Haftungsauschlu\u00dfEU-StreitschlichtungGem\u00e4\u00df Verordnung \u00fcber Online-Streitbeilegung in Verbraucherangelegenheiten (ODR-Verordnung) m\u00f6chten wir Sie \u00fcber die Online-Streitbeilegungssplattform (OS-Plattform) informieren. Verbraucher haben die M\u00f6glichkeit, Beschwerden an die\u00a0Online Streitbeilegungssplattform der Europ\u00e4ischen Kommission\u00a0zu richten. Die daf\u00fcr notwendigen [&hellip;]<\/p>\n","protected":false},"author":1,"featured_media":0,"parent":0,"menu_order":16,"comment_status":"closed","ping_status":"closed","template":"","meta":{"_acf_changed":false,"_et_pb_use_builder":"on","_et_pb_old_content":"","_et_gb_content_width":"","_price":"","_stock":"","_tribe_ticket_header":"","_tribe_default_ticket_provider":"Tribe__Tickets_Plus__Commerce__WooCommerce__Main","_tribe_ticket_capacity":"0","_ticket_start_date":"","_ticket_end_date":"","_tribe_ticket_show_description":"","_tribe_ticket_show_not_going":false,"_tribe_ticket_use_global_stock":"","_tribe_ticket_global_stock_level":"","_global_stock_mode":"","_global_stock_cap":"","_tribe_rsvp_for_event":"","_tribe_ticket_going_count":"","_tribe_ticket_not_going_count":"","_tribe_tickets_list":"[]","_tribe_ticket_has_attendee_info_fields":false,"footnotes":""},"class_list":["post-4814","page","type-page","status-publish","hentry"],"acf":[],"jetpack_sharing_enabled":true,"ticketed":false,"_links":{"self":[{"href":"https:\/\/test.fs-tickets.at\/en\/wp-json\/wp\/v2\/pages\/4814","targetHints":{"allow":["GET"]}}],"collection":[{"href":"https:\/\/test.fs-tickets.at\/en\/wp-json\/wp\/v2\/pages"}],"about":[{"href":"https:\/\/test.fs-tickets.at\/en\/wp-json\/wp\/v2\/types\/page"}],"author":[{"embeddable":true,"href":"https:\/\/test.fs-tickets.at\/en\/wp-json\/wp\/v2\/users\/1"}],"replies":[{"embeddable":true,"href":"https:\/\/test.fs-tickets.at\/en\/wp-json\/wp\/v2\/comments?post=4814"}],"version-history":[{"count":8,"href":"https:\/\/test.fs-tickets.at\/en\/wp-json\/wp\/v2\/pages\/4814\/revisions"}],"predecessor-version":[{"id":252076,"href":"https:\/\/test.fs-tickets.at\/en\/wp-json\/wp\/v2\/pages\/4814\/revisions\/252076"}],"wp:attachment":[{"href":"https:\/\/test.fs-tickets.at\/en\/wp-json\/wp\/v2\/media?parent=4814"}],"curies":[{"name":"wp","href":"https:\/\/api.w.org\/{rel}","templated":true}]}}